{"id":7329,"date":"2023-12-27T10:56:12","date_gmt":"2023-12-27T13:56:12","guid":{"rendered":"https:\/\/selector.desco.cl\/?page_id=7329"},"modified":"2025-06-13T15:45:33","modified_gmt":"2025-06-13T18:45:33","slug":"cultura-desco","status":"publish","type":"page","link":"https:\/\/constructora.desco.cl\/en\/cultura-desco\/","title":{"rendered":"Cultura Desco"},"content":{"rendered":"<div data-elementor-type=\"wp-page\" data-elementor-id=\"7329\" class=\"elementor elementor-7329\" data-elementor-post-type=\"page\">\n\t\t\t\t<div class=\"elementor-element elementor-element-8c59d38 e-flex e-con-boxed e-con e-parent\" data-id=\"8c59d38\" data-element_type=\"container\" data-e-type=\"container\" id=\"top\" data-settings=\"{&quot;background_background&quot;:&quot;classic&quot;}\">\n\t\t\t\t\t<div class=\"e-con-inner\">\n\t\t\t\t<div class=\"elementor-element elementor-element-9c9fab0 elementor-widget elementor-widget-spacer\" data-id=\"9c9fab0\" data-element_type=\"widget\" data-e-type=\"widget\" data-widget_type=\"spacer.default\">\n\t\t\t\t<div class=\"elementor-widget-container\">\n\t\t\t\t\t\t\t<div class=\"elementor-spacer\">\n\t\t\t<div class=\"elementor-spacer-inner\"><\/div>\n\t\t<\/div>\n\t\t\t\t\t\t<\/div>\n\t\t\t\t<\/div>\n\t\t\t\t\t<\/div>\n\t\t\t\t<\/div>\n\t\t<div class=\"elementor-element elementor-element-63f8857 e-flex e-con-boxed e-con e-parent\" data-id=\"63f8857\" data-element_type=\"container\" data-e-type=\"container\">\n\t\t\t\t\t<div class=\"e-con-inner\">\n\t\t\t\t<div class=\"elementor-element elementor-element-3969657 elementor-widget elementor-widget-spacer\" data-id=\"3969657\" data-element_type=\"widget\" data-e-type=\"widget\" data-widget_type=\"spacer.default\">\n\t\t\t\t<div class=\"elementor-widget-container\">\n\t\t\t\t\t\t\t<div class=\"elementor-spacer\">\n\t\t\t<div class=\"elementor-spacer-inner\"><\/div>\n\t\t<\/div>\n\t\t\t\t\t\t<\/div>\n\t\t\t\t<\/div>\n\t\t\t\t<div class=\"elementor-element elementor-element-3d3b66f elementor-widget elementor-widget-heading\" data-id=\"3d3b66f\" data-element_type=\"widget\" data-e-type=\"widget\" data-widget_type=\"heading.default\">\n\t\t\t\t<div class=\"elementor-widget-container\">\n\t\t\t\t\t<h2 class=\"elementor-heading-title elementor-size-default\">Cultura DESCO<\/h2>\t\t\t\t<\/div>\n\t\t\t\t<\/div>\n\t\t\t\t<div class=\"elementor-element elementor-element-709125e elementor-widget elementor-widget-image\" data-id=\"709125e\" data-element_type=\"widget\" data-e-type=\"widget\" data-widget_type=\"image.default\">\n\t\t\t\t<div class=\"elementor-widget-container\">\n\t\t\t\t\t\t\t\t\t\t\t\t\t\t\t<img decoding=\"async\" width=\"327\" height=\"22\" src=\"https:\/\/constructora.desco.cl\/wp-content\/uploads\/2023\/12\/Asset-23@4x.png\" class=\"attachment-large size-large wp-image-7239\" alt=\"\" srcset=\"https:\/\/constructora.desco.cl\/wp-content\/uploads\/2023\/12\/Asset-23@4x.png 327w, https:\/\/constructora.desco.cl\/wp-content\/uploads\/2023\/12\/Asset-23@4x-300x20.png 300w\" sizes=\"(max-width: 327px) 100vw, 327px\" \/>\t\t\t\t\t\t\t\t\t\t\t\t\t\t\t<\/div>\n\t\t\t\t<\/div>\n\t\t\t\t<div class=\"elementor-element elementor-element-d4b2046 elementor-widget elementor-widget-spacer\" data-id=\"d4b2046\" data-element_type=\"widget\" data-e-type=\"widget\" data-widget_type=\"spacer.default\">\n\t\t\t\t<div class=\"elementor-widget-container\">\n\t\t\t\t\t\t\t<div class=\"elementor-spacer\">\n\t\t\t<div class=\"elementor-spacer-inner\"><\/div>\n\t\t<\/div>\n\t\t\t\t\t\t<\/div>\n\t\t\t\t<\/div>\n\t\t\t\t<div class=\"elementor-element elementor-element-7611903 elementor-widget elementor-widget-spacer\" data-id=\"7611903\" data-element_type=\"widget\" data-e-type=\"widget\" data-widget_type=\"spacer.default\">\n\t\t\t\t<div class=\"elementor-widget-container\">\n\t\t\t\t\t\t\t<div class=\"elementor-spacer\">\n\t\t\t<div class=\"elementor-spacer-inner\"><\/div>\n\t\t<\/div>\n\t\t\t\t\t\t<\/div>\n\t\t\t\t<\/div>\n\t\t\t\t<div class=\"elementor-element elementor-element-d0d939f elementor-widget elementor-widget-heading\" data-id=\"d0d939f\" data-element_type=\"widget\" data-e-type=\"widget\" data-widget_type=\"heading.default\">\n\t\t\t\t<div class=\"elementor-widget-container\">\n\t\t\t\t\t<h2 class=\"elementor-heading-title elementor-size-default\">Conoce las \u00faltimas actividades, encuentros y novedades de DESCO y su gente.<\/h2>\t\t\t\t<\/div>\n\t\t\t\t<\/div>\n\t\t\t\t\t<\/div>\n\t\t\t\t<\/div>\n\t\t<div class=\"elementor-element elementor-element-f7d1b56 e-con-full e-flex e-con e-parent\" data-id=\"f7d1b56\" data-element_type=\"container\" data-e-type=\"container\">\n\t\t\t\t<div class=\"elementor-element elementor-element-f02d093 elementor-widget elementor-widget-shortcode\" data-id=\"f02d093\" data-element_type=\"widget\" data-e-type=\"widget\" data-widget_type=\"shortcode.default\">\n\t\t\t\t<div class=\"elementor-widget-container\">\n\t\t\t\t\t\t\t<div class=\"elementor-shortcode\"><div class=\"ultp-shortcode\" data-postid=\"8607\"><div  class=\"ultp-post-grid-block wp-block-ultimate-post-post-grid-4 ultp-block-5e2437\"><div class=\"ultp-block-wrapper\"><div class=\"ultp-loading\"><div class=\"ultp-loading-blocks\" style=\"width:100%;height:100%;\"><div style=\"left: 0;top: 0;animation-delay:0s;\"><\/div><div style=\"left: 21px;top: 0;animation-delay:0.125s;\"><\/div><div style=\"left: 42px;top: 0;animation-delay:0.25s;\"><\/div><div style=\"left: 0;top: 21px;animation-delay:0.875s;\"><\/div><div style=\"left: 42px;top: 21px;animation-delay:0.375s;\"><\/div><div style=\"left: 0;top: 42px;animation-delay:0.75s;\"><\/div><div style=\"left: 42px;top: 42px;animation-delay:0.625s;\"><\/div><div style=\"left: 21px;top: 42px;animation-delay:0.5s;\"><\/div><\/div><\/div><div class=\"ultp-block-items-wrap ultp-block-row ultp-layout1 ultp-block-content-\"><div class=\"ultp-block-item post-id-9716\"><div class=\"ultp-block-content-wrap ultp-block-content-overlay\"><div class=\"ultp-block-image ultp-block-image-zoomIn\"><a href=\"https:\/\/constructora.desco.cl\/en\/desayuno-obra-marin\/\" ><img decoding=\"async\"  alt=\"Desayuno Obra Mar\u00edn\"  src=\"https:\/\/constructora.desco.cl\/wp-content\/uploads\/2026\/02\/WhatsApp-Image-2026-02-24-at-09.43.07-870x570.jpeg\" \/><\/a><\/div><div class=\"ultp-block-content ultp-block-content-bottomPosition\"><div class=\"ultp-block-content-inner\"><h1 class=\"ultp-block-title\"><a href=\"https:\/\/constructora.desco.cl\/en\/desayuno-obra-marin\/\" >Desayuno Obra Mar\u00edn<\/a><\/h1><div class=\"ultp-block-excerpt\"><p>Desco valora especialmente el encuentro realizado junto a los equipos de la&hellip;<\/p>\n<\/div><div class=\"ultp-block-readmore\"><a aria-label=\"Desayuno Obra Mar\u00edn\" href=\"https:\/\/constructora.desco.cl\/en\/desayuno-obra-marin\/\" >VER M\u00c1S<svg xmlns=\"http:\/\/www.w3.org\/2000\/svg\" viewbox=\"0 0 49.16 37.25\"><path stroke=\"rgba(0,0,0,0)\" stroke-miterlimit=\"10\" d=\"M28.1 36.154a2.048 2.048 0 0 1 0-2.9l12.5-12.5H2.55a2.05 2.05 0 1 1 0-4.1H40.6l-12.5-12.5a2.05 2.05 0 1 1 2.9-2.9l17.45 17.448L31 36.154a2.047 2.047 0 0 1-2.9 0Z\"\/><\/svg><\/a><\/div><\/div><\/div><\/div><\/div><div class=\"ultp-block-item post-id-9712\"><div class=\"ultp-block-content-wrap ultp-block-content-overlay\"><div class=\"ultp-block-image ultp-block-image-zoomIn\"><a href=\"https:\/\/constructora.desco.cl\/en\/desayuno-mirador-las-brisas\/\" ><img decoding=\"async\"  alt=\"Desayuno Mirador Las Brisas\"  src=\"https:\/\/constructora.desco.cl\/wp-content\/uploads\/2026\/02\/WhatsApp-Image-2026-02-17-at-11.19.55-600x600.jpeg\" \/><\/a><\/div><div class=\"ultp-block-content ultp-block-content-bottomPosition\"><div class=\"ultp-block-content-inner\"><h1 class=\"ultp-block-title\"><a href=\"https:\/\/constructora.desco.cl\/en\/desayuno-mirador-las-brisas\/\" >Desayuno Mirador Las Brisas<\/a><\/h1><div class=\"ultp-block-excerpt\"><p>Estas de instancias refuerzan la comunicaci\u00f3n interna, fortalecen el compromiso organizacional y&hellip;<\/p>\n<\/div><\/div><\/div><\/div><\/div><div class=\"ultp-block-item post-id-9559\"><div class=\"ultp-block-content-wrap ultp-block-content-overlay\"><div class=\"ultp-block-image ultp-block-image-zoomIn\"><a href=\"https:\/\/constructora.desco.cl\/en\/la-seguridad-se-construye-en-equipo\/\" ><img decoding=\"async\"  alt=\"\u00a1La seguridad se construye en equipo!\"  src=\"https:\/\/constructora.desco.cl\/wp-content\/uploads\/2025\/07\/WhatsApp-Image-2025-07-22-at-12.33.03-600x600.jpeg\" \/><\/a><\/div><div class=\"ultp-block-content ultp-block-content-bottomPosition\"><div class=\"ultp-block-content-inner\"><h1 class=\"ultp-block-title\"><a href=\"https:\/\/constructora.desco.cl\/en\/la-seguridad-se-construye-en-equipo\/\" >\u00a1La seguridad se construye en equipo!<\/a><\/h1><div class=\"ultp-block-excerpt\"><p>Este a\u00f1o, fuimos nuevamente reconocidos por la C\u00e1mara Chilena de la Construcci\u00f3n&hellip;<\/p>\n<\/div><\/div><\/div><\/div><\/div><\/div><\/div><div class=\"pagination-block-html\" aria-hidden=\"true\" style=\"display: none;\"><\/div><\/div>\n\n\n<hr class=\"wp-block-separator has-alpha-channel-opacity\"\/>\n\n\n<div  class=\"ultp-post-grid-block wp-block-ultimate-post-post-grid-2 ultp-block-a6a8e5\"><div class=\"ultp-block-wrapper\"><div class=\"ultp-loading\"><div class=\"ultp-loading-blocks\" style=\"width:100%;height:100%;\"><div style=\"left: 0;top: 0;animation-delay:0s;\"><\/div><div style=\"left: 21px;top: 0;animation-delay:0.125s;\"><\/div><div style=\"left: 42px;top: 0;animation-delay:0.25s;\"><\/div><div style=\"left: 0;top: 21px;animation-delay:0.875s;\"><\/div><div style=\"left: 42px;top: 21px;animation-delay:0.375s;\"><\/div><div style=\"left: 0;top: 42px;animation-delay:0.75s;\"><\/div><div style=\"left: 42px;top: 42px;animation-delay:0.625s;\"><\/div><div style=\"left: 21px;top: 42px;animation-delay:0.5s;\"><\/div><\/div><\/div><div class=\"ultp-block-items-wrap ultp-block-row\"><div class=\"ultp-block-item post-id-9511\"><div class=\"ultp-block-content-wrap ultp-block-content-overlay\"><div class=\"ultp-block-image ultp-block-image-zoomOut\"><a href=\"https:\/\/constructora.desco.cl\/en\/caminata-de-seguridad\/\" ><img decoding=\"async\"  alt=\"Caminata de Seguridad\"  src=\"https:\/\/constructora.desco.cl\/wp-content\/uploads\/2025\/06\/WhatsApp-Image-2025-06-11-at-18.35.02-1-2-870x570.jpeg\" \/><\/a><\/div><div class=\"ultp-block-content ultp-block-content-bottomPosition\"><div class=\"ultp-block-content-inner\"><h3 class=\"ultp-block-title\"><a href=\"https:\/\/constructora.desco.cl\/en\/caminata-de-seguridad\/\" >Caminata de Seguridad<\/a><\/h3><\/div><\/div><\/div><\/div><div class=\"ultp-block-item post-id-9228\"><div class=\"ultp-block-content-wrap ultp-block-content-overlay\"><div class=\"ultp-block-image ultp-block-image-zoomOut\"><a href=\"https:\/\/constructora.desco.cl\/en\/obra-santa-elena\/\" ><img decoding=\"async\"  alt=\"Obra Santa Elena\"  src=\"https:\/\/constructora.desco.cl\/wp-content\/uploads\/2025\/01\/WhatsApp-Image-2024-12-31-at-9.16.53-AM-1-870x570.jpeg\" \/><\/a><\/div><div class=\"ultp-block-content ultp-block-content-bottomPosition\"><div class=\"ultp-block-content-inner\"><h3 class=\"ultp-block-title\"><a href=\"https:\/\/constructora.desco.cl\/en\/obra-santa-elena\/\" >Obra Santa Elena<\/a><\/h3><\/div><\/div><\/div><\/div><div class=\"ultp-block-item post-id-9150\"><div class=\"ultp-block-content-wrap ultp-block-content-overlay\"><div class=\"ultp-block-image ultp-block-image-zoomOut\"><a href=\"https:\/\/constructora.desco.cl\/en\/obra-mirador-del-golf\/\" ><img decoding=\"async\"  alt=\"Obra Mirador del Golf\u00a0\"  src=\"https:\/\/constructora.desco.cl\/wp-content\/uploads\/2024\/10\/WhatsApp-Image-2024-10-16-at-14.11.49-870x570.jpeg\" \/><\/a><\/div><div class=\"ultp-block-content ultp-block-content-bottomPosition\"><div class=\"ultp-block-content-inner\"><h3 class=\"ultp-block-title\"><a href=\"https:\/\/constructora.desco.cl\/en\/obra-mirador-del-golf\/\" >Obra Mirador del Golf\u00a0<\/a><\/h3><\/div><\/div><\/div><\/div><\/div><\/div><div class=\"pagination-block-html\" aria-hidden=\"true\" style=\"display: none;\"><\/div><\/div>\n\n\n<hr class=\"wp-block-separator has-alpha-channel-opacity\"\/>\n<\/div><\/div>\n\t\t\t\t\t\t<\/div>\n\t\t\t\t<\/div>\n\t\t\t\t<\/div>\n\t\t<div class=\"elementor-element elementor-element-46fb0a4 e-flex e-con-boxed e-con e-parent\" data-id=\"46fb0a4\" data-element_type=\"container\" data-e-type=\"container\" data-settings=\"{&quot;background_background&quot;:&quot;classic&quot;}\">\n\t\t\t\t\t<div class=\"e-con-inner\">\n\t\t<div class=\"elementor-element elementor-element-3e594de e-flex e-con-boxed e-con e-child\" data-id=\"3e594de\" data-element_type=\"container\" data-e-type=\"container\" data-settings=\"{&quot;background_background&quot;:&quot;classic&quot;}\">\n\t\t\t\t\t<div class=\"e-con-inner\">\n\t\t<div class=\"elementor-element elementor-element-16df06da e-flex e-con-boxed e-con e-child\" data-id=\"16df06da\" data-element_type=\"container\" data-e-type=\"container\">\n\t\t\t\t\t<div class=\"e-con-inner\">\n\t\t\t\t<div class=\"elementor-element elementor-element-2a453fd1 elementor-icon-list--layout-traditional elementor-list-item-link-full_width elementor-widget elementor-widget-icon-list\" data-id=\"2a453fd1\" data-element_type=\"widget\" data-e-type=\"widget\" data-widget_type=\"icon-list.default\">\n\t\t\t\t<div class=\"elementor-widget-container\">\n\t\t\t\t\t\t\t<ul class=\"elementor-icon-list-items\">\n\t\t\t\t\t\t\t<li class=\"elementor-icon-list-item\">\n\t\t\t\t\t\t\t\t\t\t\t<span class=\"elementor-icon-list-icon\">\n\t\t\t\t\t\t\t<i aria-hidden=\"true\" class=\"xlwpf wppb-font-phone-call\"><\/i>\t\t\t\t\t\t<\/span>\n\t\t\t\t\t\t\t\t\t\t<span class=\"elementor-icon-list-text\">+(56 2) 2392 9200<\/span>\n\t\t\t\t\t\t\t\t\t<\/li>\n\t\t\t\t\t\t\t\t<li class=\"elementor-icon-list-item\">\n\t\t\t\t\t\t\t\t\t\t\t<a href=\"mailto:contacto@desco.cl\">\n\n\t\t\t\t\t\t\t\t\t\t\t\t<span class=\"elementor-icon-list-icon\">\n\t\t\t\t\t\t\t<i aria-hidden=\"true\" class=\"eicon eicon-mail\"><\/i>\t\t\t\t\t\t<\/span>\n\t\t\t\t\t\t\t\t\t\t<span class=\"elementor-icon-list-text\">contacto@desco.cl<\/span>\n\t\t\t\t\t\t\t\t\t\t\t<\/a>\n\t\t\t\t\t\t\t\t\t<\/li>\n\t\t\t\t\t\t<\/ul>\n\t\t\t\t\t\t<\/div>\n\t\t\t\t<\/div>\n\t\t<div class=\"elementor-element elementor-element-73ea54e1 e-con-full e-flex e-con e-child\" data-id=\"73ea54e1\" data-element_type=\"container\" data-e-type=\"container\">\n\t\t\t\t<\/div>\n\t\t\t\t<div class=\"elementor-element elementor-element-f1bd313 elementor-button-align-start elementor-widget__width-initial elementor-widget elementor-widget-form\" data-id=\"f1bd313\" data-element_type=\"widget\" data-e-type=\"widget\" data-settings=\"{&quot;step_next_label&quot;:&quot;Next&quot;,&quot;step_previous_label&quot;:&quot;Previous&quot;,&quot;button_width&quot;:&quot;100&quot;,&quot;step_type&quot;:&quot;number_text&quot;,&quot;step_icon_shape&quot;:&quot;circle&quot;}\" data-widget_type=\"form.default\">\n\t\t\t\t<div class=\"elementor-widget-container\">\n\t\t\t\t\t\t\t<form class=\"elementor-form\" method=\"post\" name=\"New Form\" aria-label=\"New Form\" action=\"\">\n\t\t\t<input type=\"hidden\" name=\"post_id\" value=\"7329\"\/>\n\t\t\t<input type=\"hidden\" name=\"form_id\" value=\"f1bd313\"\/>\n\t\t\t<input type=\"hidden\" name=\"referer_title\" value=\"Cultura Desco\" \/>\n\n\t\t\t\t\t\t\t<input type=\"hidden\" name=\"queried_id\" value=\"7329\"\/>\n\t\t\t\n\t\t\t<div class=\"elementor-form-fields-wrapper elementor-labels-above\">\n\t\t\t\t\t\t\t\t<div class=\"elementor-field-type-text elementor-field-group elementor-column elementor-field-group-name elementor-col-100 elementor-field-required\">\n\t\t\t\t\t\t\t\t\t\t\t\t<label for=\"form-field-name\" class=\"elementor-field-label\">\n\t\t\t\t\t\t\t\tCONTACT US\t\t\t\t\t\t\t<\/label>\n\t\t\t\t\t\t\t\t\t\t\t\t\t\t<input size=\"1\" type=\"text\" name=\"form_fields[name]\" id=\"form-field-name\" class=\"elementor-field elementor-size-sm  elementor-field-textual\" placeholder=\"Name\" required=\"required\">\n\t\t\t\t\t\t\t\t\t\t\t<\/div>\n\t\t\t\t\t\t\t\t<div class=\"elementor-field-type-email elementor-field-group elementor-column elementor-field-group-email elementor-col-100 elementor-field-required\">\n\t\t\t\t\t\t\t\t\t\t\t\t\t<input size=\"1\" type=\"email\" name=\"form_fields[email]\" id=\"form-field-email\" class=\"elementor-field elementor-size-sm  elementor-field-textual\" placeholder=\"E-Mail\" required=\"required\">\n\t\t\t\t\t\t\t\t\t\t\t<\/div>\n\t\t\t\t\t\t\t\t<div class=\"elementor-field-type-number elementor-field-group elementor-column elementor-field-group-message elementor-col-100 elementor-field-required\">\n\t\t\t\t\t\t\t\t<input type=\"number\" name=\"form_fields[message]\" id=\"form-field-message\" class=\"elementor-field elementor-size-sm  elementor-field-textual\" placeholder=\"Phone\" required=\"required\" min=\"\" max=\"\" >\n\t\t\t\t\t\t<\/div>\n\t\t\t\t\t\t\t\t<div class=\"elementor-field-type-textarea elementor-field-group elementor-column elementor-field-group-field_44b24e9 elementor-col-100\">\n\t\t\t\t\t<textarea class=\"elementor-field-textual elementor-field  elementor-size-sm\" name=\"form_fields[field_44b24e9]\" id=\"form-field-field_44b24e9\" rows=\"4\" placeholder=\"Message\"><\/textarea>\t\t\t\t<\/div>\n\t\t\t\t\t\t\t\t<div class=\"elementor-field-group elementor-column elementor-field-type-submit elementor-col-100 e-form__buttons\">\n\t\t\t\t\t<button class=\"elementor-button elementor-size-sm\" type=\"submit\">\n\t\t\t\t\t\t<span class=\"elementor-button-content-wrapper\">\n\t\t\t\t\t\t\t\t\t\t\t\t\t\t\t\t\t\t\t\t\t\t<span class=\"elementor-button-text\">SEND<\/span>\n\t\t\t\t\t\t\t\t\t\t\t\t\t<\/span>\n\t\t\t\t\t<\/button>\n\t\t\t\t<\/div>\n\t\t\t<\/div>\n\t\t<input type=\"hidden\" name=\"trp-form-language\" value=\"en\"\/><\/form>\n\t\t\t\t\t\t<\/div>\n\t\t\t\t<\/div>\n\t\t\t\t\t<\/div>\n\t\t\t\t<\/div>\n\t\t\t\t\t<\/div>\n\t\t\t\t<\/div>\n\t\t\t\t\t<\/div>\n\t\t\t\t<\/div>\n\t\t<div class=\"elementor-element elementor-element-f7313df e-con-full e-flex e-con e-parent\" data-id=\"f7313df\" data-element_type=\"container\" data-e-type=\"container\">\n\t\t\t\t<\/div>\n\t\t\t\t<\/div>","protected":false},"excerpt":{"rendered":"<p>Cultura DESCO Conoce las \u00faltimas actividades, encuentros y novedades de DESCO y su gente. +(56 2) 2392 9200 contacto@desco.cl<\/p>","protected":false},"author":1,"featured_media":0,"parent":0,"menu_order":0,"comment_status":"closed","ping_status":"closed","template":"elementor_canvas","meta":{"_vp_format_video_url":"","_vp_image_focal_point":[],"footnotes":""},"class_list":["post-7329","page","type-page","status-publish","hentry"],"_links":{"self":[{"href":"https:\/\/constructora.desco.cl\/en\/wp-json\/wp\/v2\/pages\/7329","targetHints":{"allow":["GET"]}}],"collection":[{"href":"https:\/\/constructora.desco.cl\/en\/wp-json\/wp\/v2\/pages"}],"about":[{"href":"https:\/\/constructora.desco.cl\/en\/wp-json\/wp\/v2\/types\/page"}],"author":[{"embeddable":true,"href":"https:\/\/constructora.desco.cl\/en\/wp-json\/wp\/v2\/users\/1"}],"replies":[{"embeddable":true,"href":"https:\/\/constructora.desco.cl\/en\/wp-json\/wp\/v2\/comments?post=7329"}],"version-history":[{"count":161,"href":"https:\/\/constructora.desco.cl\/en\/wp-json\/wp\/v2\/pages\/7329\/revisions"}],"predecessor-version":[{"id":9540,"href":"https:\/\/constructora.desco.cl\/en\/wp-json\/wp\/v2\/pages\/7329\/revisions\/9540"}],"wp:attachment":[{"href":"https:\/\/constructora.desco.cl\/en\/wp-json\/wp\/v2\/media?parent=7329"}],"curies":[{"name":"wp","href":"https:\/\/api.w.org\/{rel}","templated":true}]}}